{"id":31184,"date":"2019-02-04T17:37:48","date_gmt":"2019-02-04T17:37:48","guid":{"rendered":"http:\/\/residence6900papineau.ca\/about-us-2\/"},"modified":"2019-02-04T17:40:13","modified_gmt":"2019-02-04T17:40:13","slug":"about-us","status":"publish","type":"page","link":"https:\/\/residence6900papineau.ca\/en\/about-us\/","title":{"rendered":"About Us"},"content":{"rendered":"<div class=\"wpb-content-wrapper\"><p>[vc_row css=&#8221;.vc_custom_1542396929353{margin-bottom: 0px !important;padding-bottom: 0px !important;}&#8221;][vc_column]<div id=\"fullwidth-block-69fb352297b5d\" class=\"fullwidth-block clearfix\"  style=\"padding-top: 100px;padding-bottom: 244px;\"><script type=\"text\/javascript\">if (typeof(gem_fix_fullwidth_position) == \"function\") { gem_fix_fullwidth_position(document.getElementById(\"fullwidth-block-69fb352297b5d\")); }<\/script><div class=\"fullwidth-block-background\" style=\"background-image: url(https:\/\/residence6900papineau.ca\/wp-content\/uploads\/2018\/11\/bgpage.jpg);background-repeat: no-repeat; background-size: cover;background-position: center bottom;\"><\/div><div class=\"fullwidth-block-inner\"><\/div><\/div><div id=\"fullwidth-block-69fb352297ba9\" class=\"fullwidth-block clearfix\"  style=\"padding-top: -200pxpx;padding-left: 69px;padding-right: 69px;\"><script type=\"text\/javascript\">if (typeof(gem_fix_fullwidth_position) == \"function\") { gem_fix_fullwidth_position(document.getElementById(\"fullwidth-block-69fb352297ba9\")); }<\/script><div class=\"fullwidth-block-inner\">[vc_column_text css_animation=&#8221;fadeIn&#8221; css=&#8221;.vc_custom_1542735055625{margin-top: -250px !important;}&#8221;]<\/p>\n<h1 style=\"text-align: center;\"><span style=\"color: #ffffff;\">ABOUT US<\/span><\/h1>\n<p>&nbsp;[\/vc_column_text]<\/div><\/div>[\/vc_column][\/vc_row][vc_row full_width=&#8221;stretch_row_content_no_spaces&#8221; el_class=&#8221;z-index custom-overflow&#8221; css=&#8221;.vc_custom_1542645548680{background-position: 0 0 !important;background-repeat: no-repeat !important;}&#8221;][vc_column el_class=&#8221;z-index&#8221; offset=&#8221;vc_col-lg-12&#8243;]<div class=\"gem-textbox  centered-box\"  ><div class=\"gem-textbox-inner\" style=\"\"><div class=\"gem-textbox-content\" style=\"background-repeat: no-repeat;background-position: center top;\">[vc_row_inner css=&#8221;.vc_custom_1541621298510{background-color: #ffffff !important;}&#8221;][vc_column_inner el_class=&#8221;no-padding-text-box&#8221; css=&#8221;.vc_custom_1542989266709{padding-right: 10% !important;padding-left: 10% !important;background-color: #ffffff !important;}&#8221; offset=&#8221;vc_col-lg-8 vc_col-md-8&#8243;][vc_column_text css_animation=&#8221;fadeInUp&#8221;]<\/p>\n<h2 style=\"text-align: left;\" data-mce-style=\"text-align: left;\"><span class=\"light\">OUR <\/span> HISTORY<\/h2>\n<div class=\"styled-subtitle\" style=\"text-align: left;\" data-mce-style=\"text-align: left;\"><span style=\"color: #9f7a00;\" data-mce-style=\"color: #9f7a00;\"><em><strong>R\u00e9sidence 6900 Papineau<\/strong>, a family business, has been in operation for <strong>15 years.<\/strong> Our mission is to provide people a pleasant lifestyle through their Golden Age. We are located in the heart of la Petite-Patrie, Villeray and Rosemont, close to many services, our residence includes more than 97 units comprised of rooms, studios, and apartments (1, 2,and 3 \u00bd) with private washroom or full bathroom, on three floors served by two elevators.<\/em><\/span><\/div>\n<p><\/p>\n<p>[\/vc_column_text][\/vc_column_inner][vc_column_inner width=&#8221;1\/3&#8243; offset=&#8221;vc_hidden-sm vc_hidden-xs&#8221; css=&#8221;.vc_custom_1542989170665{margin-top: -100px !important;}&#8221;][vc_empty_space height=&#8221;62px&#8221;][vc_single_image image=&#8221;31130&#8243; img_size=&#8221;350&#215;350&#8243; alignment=&#8221;center&#8221;][\/vc_column_inner][\/vc_row_inner]<\/div><\/div><\/div>[\/vc_column][\/vc_row][vc_row full_width=&#8221;stretch_row_content_no_spaces&#8221; el_class=&#8221;z-index custom-overflow&#8221; css=&#8221;.vc_custom_1542643488910{background-color: #7b1219 !important;background-position: center !important;background-repeat: no-repeat !important;background-size: cover !important;}&#8221;][vc_column el_class=&#8221;z-index&#8221; offset=&#8221;vc_col-lg-12&#8243; css=&#8221;.vc_custom_1542643676903{background-color: #7b1219 !important;}&#8221;][vc_row_inner css=&#8221;.vc_custom_1542644214507{margin-right: 10% !important;margin-left: 10% !important;}&#8221;][vc_column_inner][vc_column_text css_animation=&#8221;fadeInUp&#8221;]<\/p>\n<h2 style=\"text-align: center;\" data-mce-style=\"text-align: center;\"><span style=\"color: #ffffff;\" data-mce-style=\"color: #ffffff;\">OUR<span class=\"light\"> MISSION<\/span><\/span><\/h2>\n<div class=\"styled-subtitle\" style=\"text-align: center;\" data-mce-style=\"text-align: center;\"><strong>Our residence specializes in accommodations for autonomous and semi-autonomous seniors, aged 60 or more. Residents with varied profiles are welcomed. We strive to meet the expectations of our residents who wish to indulge in a pleasant lifestyle and enjoy packaged, all-inclusive, hotel-style services, including fun activities, whatever their accommodations (room, studio or apartment) <\/strong><\/div>\n<p><\/p>\n<p>[\/vc_column_text]<div class=\"clearboth\"><\/div><style>#thegem-divider-69fb352297c7d {margin-top: 75px !important;}<\/style><div id=\"thegem-divider-69fb352297c7d\" class=\"gem-divider  mobile50\" style=\"\" ><\/div>[\/vc_column_inner][\/vc_row_inner][\/vc_column][\/vc_row][vc_row][vc_column]<div class=\"clearboth\"><\/div><style>#thegem-divider-69fb352297cab {margin-top: 55px !important;}<\/style><div id=\"thegem-divider-69fb352297cab\" class=\"gem-divider  mobile50\" style=\"\" ><\/div>[vc_column_text css_animation=&#8221;fadeInUp&#8221;]<\/p>\n<h2 style=\"text-align: center;\" data-mce-style=\"text-align: center;\"><span class=\"light\">OUR <\/span>FACILITIES<\/h2>\n<div class=\"styled-subtitle\" style=\"text-align: center;\" data-mce-style=\"text-align: center;\"><span style=\"color: #9f7a00;\" data-mce-style=\"color: #9f7a00;\">Allow yourself to be convinced by the superior quality of our facilities where you will find everything you need. Discover our warm decor, our ample and comfortable spaces and our dedicated staff, a place where every effort is made to make each moment memorable.<\/span><\/div>\n<p><\/p>\n<p>[\/vc_column_text]<div class=\"clearboth\"><\/div><style>#thegem-divider-69fb352297cdb {margin-top: 55px !important;}<\/style><div id=\"thegem-divider-69fb352297cdb\" class=\"gem-divider  mobile50\" style=\"\" ><\/div><div id=\"fullwidth-block-69fb352297d05\" class=\"fullwidth-block clearfix\"  style=\"\"><script type=\"text\/javascript\">if (typeof(gem_fix_fullwidth_position) == \"function\") { gem_fix_fullwidth_position(document.getElementById(\"fullwidth-block-69fb352297d05\")); }<\/script><div class=\"fullwidth-block-inner\">[vc_masonry_media_grid element_width=&#8221;3&#8243; item=&#8221;27515&#8243; initial_loading_animation=&#8221;fadeIn&#8221; grid_id=&#8221;vc_gid:1545147299661-e75d08f09a4824515a6d12b24a63fa1a-7&#8243; include=&#8221;31143,31155,31145,31156,31157,31142,31141,31140&#8243;]<\/div><\/div>[\/vc_column][\/vc_row][vc_row css=&#8221;.vc_custom_1542993888573{margin-bottom: 0px !important;padding-bottom: 0px !important;}&#8221;][vc_column css=&#8221;.vc_custom_1475758599053{margin-top: 0px !important;margin-bottom: 0px !important;padding-top: 0px !important;padding-bottom: 0px !important;}&#8221;]<div id=\"fullwidth-block-69fb352297f7a\" class=\"fullwidth-block fullwidth-block-parallax-vertical clearfix\" data-mobile-parallax-enable=\"0\" style=\"\"><script type=\"text\/javascript\">if (typeof(gem_fix_fullwidth_position) == \"function\") { gem_fix_fullwidth_position(document.getElementById(\"fullwidth-block-69fb352297f7a\")); }<\/script><div class=\"fullwidth-block-background\" style=\"background-image: url(https:\/\/residence6900papineau.ca\/wp-content\/uploads\/2018\/11\/contact.jpg);background-repeat: no-repeat; background-size: cover;background-position: center bottom;\"><\/div><div class=\"fullwidth-block-inner\">[vc_row_inner][vc_column_inner]<div class=\"clearboth\"><\/div><style>#thegem-divider-69fb352298021 {margin-top: 34px !important;}<\/style><div id=\"thegem-divider-69fb352298021\" class=\"gem-divider  \" style=\"\" ><\/div>[vc_column_text css_animation=&#8221;fadeInUp&#8221;]<\/p>\n<h2 class=\"title-h4\" style=\"text-align: center;\"><span style=\"color: #ffffff;\">MEETING YOUR EXPECTATIONS<\/span><\/h2>\n<p>&nbsp;[\/vc_column_text][vc_column_text css_animation=&#8221;fadeInUp&#8221;]<\/p>\n<div class=\"title-h6\" style=\"text-align: center;\"><span style=\"color: #ffffff;\">CALL US<\/span><\/div>\n<p>&nbsp;[\/vc_column_text]<div class=\"clearboth\"><\/div><style>#thegem-divider-69fb35229804d {margin-top: -15px !important;}<\/style><div id=\"thegem-divider-69fb35229804d\" class=\"gem-divider  \" style=\"\" ><\/div>[vc_column_text css_animation=&#8221;fadeInUp&#8221;]<\/p>\n<div class=\"title-h1\" style=\"text-align: center;\" data-mce-style=\"text-align: center;\"><span style=\"color: #ffffff;\" data-mce-style=\"color: #ffffff;\">+1 514 729-0305<\/span><\/div>\n<p><\/p>\n<p>[\/vc_column_text]<div class=\"clearboth\"><\/div><style>#thegem-divider-69fb35229806c {margin-top: 34px !important;}<\/style><div id=\"thegem-divider-69fb35229806c\" class=\"gem-divider  \" style=\"\" ><\/div>[\/vc_column_inner][\/vc_row_inner]<\/div><\/div>[\/vc_column][\/vc_row][vc_row full_width=&#8221;stretch_row_content_no_spaces&#8221; css=&#8221;.vc_custom_1475833487169{margin-bottom: 0px !important;padding-bottom: 0px !important;}&#8221;][vc_column css=&#8221;.vc_custom_1475833510998{margin-bottom: 0px !important;padding-bottom: 0px !important;}&#8221;]<div class=\"gem-map-with-text\"><div class=\"gem-map-with-text-content\" style=\"\"><div class=\"clearboth\"><\/div><style>#thegem-divider-69fb3522981c7 {margin-top: 88px !important;}<\/style><div id=\"thegem-divider-69fb3522981c7\" class=\"gem-divider  \" style=\"\" ><\/div><div class=\"centered-box\"><div class=\"gem-icon gem-icon-pack-material gem-icon-size-medium  gem-icon-shape-square gem-simple-icon\"  style=\"opacity: 1;\"><div class=\"gem-icon-inner\" style=\"\"><span class=\"gem-icon-half-1\" style=\"color: #a89131;\"><span class=\"back-angle\">&#xf3e3;<\/span><\/span><span class=\"gem-icon-half-2\" style=\"color: #a89131;\"><span class=\"back-angle\">&#xf3e3;<\/span><\/span><\/div><\/div><\/div><div class=\"clearboth\"><\/div><style>#thegem-divider-69fb35229825f {margin-top: 33px !important;}<\/style><div id=\"thegem-divider-69fb35229825f\" class=\"gem-divider  \" style=\"\" ><\/div>[vc_column_text css_animation=&#8221;fadeInUp&#8221;]<\/p>\n<div class=\"styled-subtitle\" style=\"text-align: center;\" data-mce-style=\"text-align: center;\"><span style=\"color: #7b1219;\" data-mce-style=\"color: #7b1219;\"><strong>6900 Avenue Papineau, <\/strong><\/span><\/div>\n<div class=\"styled-subtitle\" style=\"text-align: center;\" data-mce-style=\"text-align: center;\"><strong><span style=\"color: #ffffff;\" data-mce-style=\"color: #ffffff;\"><span style=\"color: #7b1219;\" data-mce-style=\"color: #7b1219;\">Montreal, Qc H2G 2X7<\/span> <\/span><\/strong><\/div>\n<p><\/p>\n<p>[\/vc_column_text]<\/div><div class=\"gem-map-with-text-map grayscale\">[vc_gmaps link=\"#E-8_JTNDaWZyYW1lJTIwc3JjJTNEJTIyaHR0cHMlM0ElMkYlMkZ3d3cuZ29vZ2xlLmNvbSUyRm1hcHMlMkZkJTJGZW1iZWQlM0ZtaWQlM0QxU1loV0RhUC1tRVQ4OF8wTjBvTl9lTE5fUERGUzA4REslMjIlMjB3aWR0aCUzRCUyMjY0MCUyMiUyMGhlaWdodCUzRCUyMjQ4MCUyMiUzRSUzQyUyRmlmcmFtZSUzRQ==\" size=\"446\" disable_scroll=\"1\"]<\/div><\/div>[\/vc_column][\/vc_row]<\/p>\n<\/div>","protected":false},"excerpt":{"rendered":"<p>[vc_row css=&#8221;.vc_custom_1542396929353{margin-bottom: 0px !important;padding-bottom: 0px !important;}&#8221;][vc_column][\/vc_column][\/vc_row][vc_row full_width=&#8221;stretch_row_content_no_spaces&#8221; el_class=&#8221;z-index custom-overflow&#8221; css=&#8221;.vc_custom_1542645548680{background-position: 0 0 !important;background-repeat: no-repeat !important;}&#8221;][vc_column el_class=&#8221;z-index&#8221; offset=&#8221;vc_col-lg-12&#8243;][\/vc_column][\/vc_row][vc_row full_width=&#8221;stretch_row_content_no_spaces&#8221; el_class=&#8221;z-index custom-overflow&#8221;&#8230;<\/p>\n","protected":false},"author":1,"featured_media":0,"parent":0,"menu_order":0,"comment_status":"closed","ping_status":"closed","template":"","meta":{"footnotes":""},"class_list":["post-31184","page","type-page","status-publish"],"yoast_head":"<!-- This site is optimized with the Yoast SEO plugin v23.0 - https:\/\/yoast.com\/wordpress\/plugins\/seo\/ -->\n<title>About Us - R\u00e9sidence 6900 Papineau- R\u00e9sidences personnes \u00e2g\u00e9es<\/title>\n<meta name=\"description\" content=\"Notre r\u00e9sidence peut combler le bonheur de nos personnes \u00e2g\u00e9es qui d\u00e9sirent se faire g\u00e2ter et vivre avec des services tout inclus de style h\u00f4tel forfaitaire\" \/>\n<meta name=\"robots\" content=\"index, follow, max-snippet:-1, max-image-preview:large, max-video-preview:-1\" \/>\n<link rel=\"canonical\" href=\"https:\/\/residence6900papineau.ca\/en\/about-us\/\" \/>\n<meta property=\"og:locale\" content=\"en_US\" \/>\n<meta property=\"og:type\" content=\"article\" \/>\n<meta property=\"og:title\" content=\"About Us - R\u00e9sidence 6900 Papineau- R\u00e9sidences personnes \u00e2g\u00e9es\" \/>\n<meta property=\"og:description\" content=\"Notre r\u00e9sidence peut combler le bonheur de nos personnes \u00e2g\u00e9es qui d\u00e9sirent se faire g\u00e2ter et vivre avec des services tout inclus de style h\u00f4tel forfaitaire\" \/>\n<meta property=\"og:url\" content=\"https:\/\/residence6900papineau.ca\/en\/about-us\/\" \/>\n<meta property=\"og:site_name\" content=\"R\u00e9sidence 6900 Papineau\" \/>\n<meta property=\"article:modified_time\" content=\"2019-02-04T17:40:13+00:00\" \/>\n<meta name=\"twitter:card\" content=\"summary_large_image\" \/>\n<meta name=\"twitter:label1\" content=\"Est. reading time\" \/>\n\t<meta name=\"twitter:data1\" content=\"4 minutes\" \/>\n<script type=\"application\/ld+json\" class=\"yoast-schema-graph\">{\"@context\":\"https:\/\/schema.org\",\"@graph\":[{\"@type\":\"WebPage\",\"@id\":\"https:\/\/residence6900papineau.ca\/en\/about-us\/\",\"url\":\"https:\/\/residence6900papineau.ca\/en\/about-us\/\",\"name\":\"About Us - R\u00e9sidence 6900 Papineau- R\u00e9sidences personnes \u00e2g\u00e9es\",\"isPartOf\":{\"@id\":\"https:\/\/residence6900papineau.ca\/fr\/#website\"},\"datePublished\":\"2019-02-04T17:37:48+00:00\",\"dateModified\":\"2019-02-04T17:40:13+00:00\",\"description\":\"Notre r\u00e9sidence peut combler le bonheur de nos personnes \u00e2g\u00e9es qui d\u00e9sirent se faire g\u00e2ter et vivre avec des services tout inclus de style h\u00f4tel forfaitaire\",\"breadcrumb\":{\"@id\":\"https:\/\/residence6900papineau.ca\/en\/about-us\/#breadcrumb\"},\"inLanguage\":\"en-US\",\"potentialAction\":[{\"@type\":\"ReadAction\",\"target\":[\"https:\/\/residence6900papineau.ca\/en\/about-us\/\"]}]},{\"@type\":\"BreadcrumbList\",\"@id\":\"https:\/\/residence6900papineau.ca\/en\/about-us\/#breadcrumb\",\"itemListElement\":[{\"@type\":\"ListItem\",\"position\":1,\"name\":\"Accueil\",\"item\":\"https:\/\/residence6900papineau.ca\/en\/\"},{\"@type\":\"ListItem\",\"position\":2,\"name\":\"About Us\"}]},{\"@type\":\"WebSite\",\"@id\":\"https:\/\/residence6900papineau.ca\/fr\/#website\",\"url\":\"https:\/\/residence6900papineau.ca\/fr\/\",\"name\":\"R\u00e9sidence 6900 Papineau\",\"description\":\"r\u00e9sidence pour personnes \u00e2g\u00e9es autonomes et semi-autonomes Montr\u00e9al.\",\"potentialAction\":[{\"@type\":\"SearchAction\",\"target\":{\"@type\":\"EntryPoint\",\"urlTemplate\":\"https:\/\/residence6900papineau.ca\/fr\/?s={search_term_string}\"},\"query-input\":\"required name=search_term_string\"}],\"inLanguage\":\"en-US\"}]}<\/script>\n<!-- \/ Yoast SEO plugin. -->","yoast_head_json":{"title":"About Us - R\u00e9sidence 6900 Papineau- R\u00e9sidences personnes \u00e2g\u00e9es","description":"Notre r\u00e9sidence peut combler le bonheur de nos personnes \u00e2g\u00e9es qui d\u00e9sirent se faire g\u00e2ter et vivre avec des services tout inclus de style h\u00f4tel forfaitaire","robots":{"index":"index","follow":"follow","max-snippet":"max-snippet:-1","max-image-preview":"max-image-preview:large","max-video-preview":"max-video-preview:-1"},"canonical":"https:\/\/residence6900papineau.ca\/en\/about-us\/","og_locale":"en_US","og_type":"article","og_title":"About Us - R\u00e9sidence 6900 Papineau- R\u00e9sidences personnes \u00e2g\u00e9es","og_description":"Notre r\u00e9sidence peut combler le bonheur de nos personnes \u00e2g\u00e9es qui d\u00e9sirent se faire g\u00e2ter et vivre avec des services tout inclus de style h\u00f4tel forfaitaire","og_url":"https:\/\/residence6900papineau.ca\/en\/about-us\/","og_site_name":"R\u00e9sidence 6900 Papineau","article_modified_time":"2019-02-04T17:40:13+00:00","twitter_card":"summary_large_image","twitter_misc":{"Est. reading time":"4 minutes"},"schema":{"@context":"https:\/\/schema.org","@graph":[{"@type":"WebPage","@id":"https:\/\/residence6900papineau.ca\/en\/about-us\/","url":"https:\/\/residence6900papineau.ca\/en\/about-us\/","name":"About Us - R\u00e9sidence 6900 Papineau- R\u00e9sidences personnes \u00e2g\u00e9es","isPartOf":{"@id":"https:\/\/residence6900papineau.ca\/fr\/#website"},"datePublished":"2019-02-04T17:37:48+00:00","dateModified":"2019-02-04T17:40:13+00:00","description":"Notre r\u00e9sidence peut combler le bonheur de nos personnes \u00e2g\u00e9es qui d\u00e9sirent se faire g\u00e2ter et vivre avec des services tout inclus de style h\u00f4tel forfaitaire","breadcrumb":{"@id":"https:\/\/residence6900papineau.ca\/en\/about-us\/#breadcrumb"},"inLanguage":"en-US","potentialAction":[{"@type":"ReadAction","target":["https:\/\/residence6900papineau.ca\/en\/about-us\/"]}]},{"@type":"BreadcrumbList","@id":"https:\/\/residence6900papineau.ca\/en\/about-us\/#breadcrumb","itemListElement":[{"@type":"ListItem","position":1,"name":"Accueil","item":"https:\/\/residence6900papineau.ca\/en\/"},{"@type":"ListItem","position":2,"name":"About Us"}]},{"@type":"WebSite","@id":"https:\/\/residence6900papineau.ca\/fr\/#website","url":"https:\/\/residence6900papineau.ca\/fr\/","name":"R\u00e9sidence 6900 Papineau","description":"r\u00e9sidence pour personnes \u00e2g\u00e9es autonomes et semi-autonomes Montr\u00e9al.","potentialAction":[{"@type":"SearchAction","target":{"@type":"EntryPoint","urlTemplate":"https:\/\/residence6900papineau.ca\/fr\/?s={search_term_string}"},"query-input":"required name=search_term_string"}],"inLanguage":"en-US"}]}},"_links":{"self":[{"href":"https:\/\/residence6900papineau.ca\/en\/wp-json\/wp\/v2\/pages\/31184","targetHints":{"allow":["GET"]}}],"collection":[{"href":"https:\/\/residence6900papineau.ca\/en\/wp-json\/wp\/v2\/pages"}],"about":[{"href":"https:\/\/residence6900papineau.ca\/en\/wp-json\/wp\/v2\/types\/page"}],"author":[{"embeddable":true,"href":"https:\/\/residence6900papineau.ca\/en\/wp-json\/wp\/v2\/users\/1"}],"replies":[{"embeddable":true,"href":"https:\/\/residence6900papineau.ca\/en\/wp-json\/wp\/v2\/comments?post=31184"}],"version-history":[{"count":5,"href":"https:\/\/residence6900papineau.ca\/en\/wp-json\/wp\/v2\/pages\/31184\/revisions"}],"predecessor-version":[{"id":31189,"href":"https:\/\/residence6900papineau.ca\/en\/wp-json\/wp\/v2\/pages\/31184\/revisions\/31189"}],"wp:attachment":[{"href":"https:\/\/residence6900papineau.ca\/en\/wp-json\/wp\/v2\/media?parent=31184"}],"curies":[{"name":"wp","href":"https:\/\/api.w.org\/{rel}","templated":true}]}}