{"id":30645,"date":"2018-11-16T19:30:12","date_gmt":"2018-11-16T19:30:12","guid":{"rendered":"http:\/\/residence6900papineau.ca\/?page_id=30645"},"modified":"2019-03-25T19:58:33","modified_gmt":"2019-03-25T19:58:33","slug":"apropos","status":"publish","type":"page","link":"https:\/\/residence6900papineau.ca\/fr\/apropos\/","title":{"rendered":"Notre r\u00e9sidence"},"content":{"rendered":"<div class=\"wpb-content-wrapper\"><p>[vc_row css=&#8221;.vc_custom_1542396929353{margin-bottom: 0px !important;padding-bottom: 0px !important;}&#8221;][vc_column]<div id=\"fullwidth-block-69fb2e13ebcdc\" class=\"fullwidth-block clearfix\"  style=\"padding-top: 100px;padding-bottom: 244px;\"><script type=\"text\/javascript\">if (typeof(gem_fix_fullwidth_position) == \"function\") { gem_fix_fullwidth_position(document.getElementById(\"fullwidth-block-69fb2e13ebcdc\")); }<\/script><div class=\"fullwidth-block-background\" style=\"background-image: url(https:\/\/residence6900papineau.ca\/wp-content\/uploads\/2018\/11\/bgpage.jpg);background-repeat: no-repeat; background-size: cover;background-position: center bottom;\"><\/div><div class=\"fullwidth-block-inner\"><\/div><\/div><div id=\"fullwidth-block-69fb2e13ebd22\" class=\"fullwidth-block clearfix\"  style=\"padding-top: -200pxpx;padding-left: 69px;padding-right: 69px;\"><script type=\"text\/javascript\">if (typeof(gem_fix_fullwidth_position) == \"function\") { gem_fix_fullwidth_position(document.getElementById(\"fullwidth-block-69fb2e13ebd22\")); }<\/script><div class=\"fullwidth-block-inner\">[vc_column_text css_animation=&#8221;fadeIn&#8221; css=&#8221;.vc_custom_1542735055625{margin-top: -250px !important;}&#8221;]<\/p>\n<h1 style=\"text-align: center;\"><span style=\"color: #ffffff;\">\u00c0 PROPOS<\/span><\/h1>\n<p>[\/vc_column_text]<\/div><\/div>[\/vc_column][\/vc_row][vc_row full_width=&#8221;stretch_row_content_no_spaces&#8221; el_class=&#8221;z-index custom-overflow&#8221; css=&#8221;.vc_custom_1542645548680{background-position: 0 0 !important;background-repeat: no-repeat !important;}&#8221;][vc_column el_class=&#8221;z-index&#8221; offset=&#8221;vc_col-lg-12&#8243;]<div class=\"gem-textbox  centered-box\"  ><div class=\"gem-textbox-inner\" style=\"\"><div class=\"gem-textbox-content\" style=\"background-repeat: no-repeat;background-position: center top;\">[vc_row_inner css=&#8221;.vc_custom_1541621298510{background-color: #ffffff !important;}&#8221;][vc_column_inner el_class=&#8221;no-padding-text-box&#8221; css=&#8221;.vc_custom_1542989266709{padding-right: 10% !important;padding-left: 10% !important;background-color: #ffffff !important;}&#8221; offset=&#8221;vc_col-lg-8 vc_col-md-8&#8243;][vc_column_text css_animation=&#8221;fadeInUp&#8221;]<\/p>\n<h2 style=\"text-align: left;\"><span class=\"light\">NOTRE <\/span>Historique<\/h2>\n<div class=\"styled-subtitle\" style=\"text-align: left;\"><span style=\"color: #9f7a00;\"><em><strong>R\u00e9sidence 6900 Papineau<\/strong>, notre r\u00e9sidence est une entreprise familiale depuis plus de <strong>15 ans<\/strong> et nous avons comme mission d\u2019offrir aux gens du bel \u00e2ge \u00ab une belle continuit\u00e9 de vie \u00bb. Nous sommes en plein c\u0153ur du quartier de la Petite-Patrie, Villeray et Rosemont.\u00a0 Situ\u00e9e \u00e0 proximit\u00e9 de plusieurs services, notre r\u00e9sidence comprend plus de <strong>97 unit\u00e9s<\/strong>\u00a0offertes en chambres\/appartements (1, 2 et 3 et demi) avec salle d\u2019eau priv\u00e9e (toilette\/lavabo) ou salle de bain compl\u00e8te r\u00e9parties sur trois \u00e9tages accessibles par le biais de deux ascenseurs. <\/em><\/span><\/div>\n<p>[\/vc_column_text][\/vc_column_inner][vc_column_inner width=&#8221;1\/3&#8243; offset=&#8221;vc_hidden-sm vc_hidden-xs&#8221; css=&#8221;.vc_custom_1542989170665{margin-top: -100px !important;}&#8221;][vc_empty_space height=&#8221;62px&#8221;][vc_single_image image=&#8221;27361&#8243; img_size=&#8221;350&#215;350&#8243; alignment=&#8221;center&#8221;][\/vc_column_inner][\/vc_row_inner]<\/div><\/div><\/div>[\/vc_column][\/vc_row][vc_row full_width=&#8221;stretch_row_content_no_spaces&#8221; el_class=&#8221;z-index custom-overflow&#8221; css=&#8221;.vc_custom_1542643488910{background-color: #7b1219 !important;background-position: center !important;background-repeat: no-repeat !important;background-size: cover !important;}&#8221;][vc_column el_class=&#8221;z-index&#8221; offset=&#8221;vc_col-lg-12&#8243; css=&#8221;.vc_custom_1542643676903{background-color: #7b1219 !important;}&#8221;][vc_row_inner css=&#8221;.vc_custom_1542644214507{margin-right: 10% !important;margin-left: 10% !important;}&#8221;][vc_column_inner][vc_column_text css_animation=&#8221;fadeInUp&#8221;]<\/p>\n<h2 style=\"text-align: center;\"><span style=\"color: #ffffff;\">NOTRE<span class=\"light\"> MISSION<\/span><\/span><\/h2>\n<div class=\"styled-subtitle\" style=\"text-align: center;\"><strong>Notre r\u00e9sidence est sp\u00e9cialis\u00e9e dans l\u2019<a href=\"http:\/\/residence6900papineau.ca\/fr\/hebergement\/\">h\u00e9bergement<\/a> de personnes \u00e2g\u00e9es autonomes et semi-autonomes d\u2019au moins 60 ans. Nous accueillons des personnes pr\u00e9sentant divers profils. Notre r\u00e9sidence peut combler le bonheur de nos personnes \u00e2g\u00e9es qui d\u00e9sirent se faire g\u00e2ter et vivre avec des services tout inclus de style h\u00f4tel forfaitaire incluant des activit\u00e9s amusantes sans \u00e9gard au type d&#8217;unit\u00e9 de location (chambre, studio ou appartement).<\/strong><\/div>\n<p>[\/vc_column_text]<div class=\"clearboth\"><\/div><style>#thegem-divider-69fb2e13ebdf6 {margin-top: 75px !important;}<\/style><div id=\"thegem-divider-69fb2e13ebdf6\" class=\"gem-divider  mobile50\" style=\"\" ><\/div>[\/vc_column_inner][\/vc_row_inner][\/vc_column][\/vc_row][vc_row][vc_column]<div class=\"clearboth\"><\/div><style>#thegem-divider-69fb2e13ebe2e {margin-top: 55px !important;}<\/style><div id=\"thegem-divider-69fb2e13ebe2e\" class=\"gem-divider  mobile50\" style=\"\" ><\/div>[vc_column_text css_animation=&#8221;fadeInUp&#8221;]<\/p>\n<h2 style=\"text-align: center;\"><span class=\"light\">Nos <\/span>installations<\/h2>\n<div class=\"styled-subtitle\" style=\"text-align: center;\"><span style=\"color: #9f7a00;\">Laissez-vous s\u00e9duire par des installations de qualit\u00e9 sup\u00e9rieure o\u00f9 vous trouverez tout ce dont vous avez besoin. D\u00e9couvrez notre d\u00e9cor chaleureux, nos vastes espaces confortables et la g\u00e9n\u00e9rosit\u00e9 de notre personnel o\u00f9 tout est mis en \u0153uvre pour que chaque instant soit m\u00e9morable.<\/span><\/div>\n<p>[\/vc_column_text]<div class=\"clearboth\"><\/div><style>#thegem-divider-69fb2e13ebe56 {margin-top: 55px !important;}<\/style><div id=\"thegem-divider-69fb2e13ebe56\" class=\"gem-divider  mobile50\" style=\"\" ><\/div><div id=\"fullwidth-block-69fb2e13ebe81\" class=\"fullwidth-block clearfix\"  style=\"\"><script type=\"text\/javascript\">if (typeof(gem_fix_fullwidth_position) == \"function\") { gem_fix_fullwidth_position(document.getElementById(\"fullwidth-block-69fb2e13ebe81\")); }<\/script><div class=\"fullwidth-block-inner\">[vc_masonry_media_grid element_width=&#8221;3&#8243; item=&#8221;27515&#8243; initial_loading_animation=&#8221;fadeIn&#8221; grid_id=&#8221;vc_gid:1553542936292-10fae105-752d-0&#8243; include=&#8221;27497,30634,27499,30635,30637,27496,27495,27494&#8243;]<\/div><\/div>[\/vc_column][\/vc_row][vc_row css=&#8221;.vc_custom_1542993888573{margin-bottom: 0px !important;padding-bottom: 0px !important;}&#8221;][vc_column css=&#8221;.vc_custom_1475758599053{margin-top: 0px !important;margin-bottom: 0px !important;padding-top: 0px !important;padding-bottom: 0px !important;}&#8221;]<div id=\"fullwidth-block-69fb2e13ec1a9\" class=\"fullwidth-block fullwidth-block-parallax-vertical clearfix\" data-mobile-parallax-enable=\"0\" style=\"\"><script type=\"text\/javascript\">if (typeof(gem_fix_fullwidth_position) == \"function\") { gem_fix_fullwidth_position(document.getElementById(\"fullwidth-block-69fb2e13ec1a9\")); }<\/script><div class=\"fullwidth-block-background\" style=\"background-image: url(https:\/\/residence6900papineau.ca\/wp-content\/uploads\/2018\/11\/contact.jpg);background-repeat: no-repeat; background-size: cover;background-position: center bottom;\"><\/div><div class=\"fullwidth-block-inner\">[vc_row_inner][vc_column_inner]<div class=\"clearboth\"><\/div><style>#thegem-divider-69fb2e13ec244 {margin-top: 34px !important;}<\/style><div id=\"thegem-divider-69fb2e13ec244\" class=\"gem-divider  \" style=\"\" ><\/div>[vc_column_text css_animation=&#8221;fadeInUp&#8221;]<\/p>\n<h2 class=\"title-h4\" style=\"text-align: center;\"><span style=\"color: #ffffff;\">La r\u00e9sidence \u00e0 la hauteur de vos attentes<\/span><\/h2>\n<p>[\/vc_column_text][vc_column_text css_animation=&#8221;fadeInUp&#8221;]<\/p>\n<div class=\"title-h6\" style=\"text-align: center;\"><span style=\"color: #ffffff;\">Appelez-nous<\/span><\/div>\n<p>[\/vc_column_text]<div class=\"clearboth\"><\/div><style>#thegem-divider-69fb2e13ec274 {margin-top: -15px !important;}<\/style><div id=\"thegem-divider-69fb2e13ec274\" class=\"gem-divider  \" style=\"\" ><\/div>[vc_column_text css_animation=&#8221;fadeInUp&#8221;]<\/p>\n<div class=\"title-h1\" style=\"text-align: center;\"><span style=\"color: #ffffff;\">+1 514 729-0305<\/span><\/div>\n<p>[\/vc_column_text]<div class=\"clearboth\"><\/div><style>#thegem-divider-69fb2e13ec29a {margin-top: 34px !important;}<\/style><div id=\"thegem-divider-69fb2e13ec29a\" class=\"gem-divider  \" style=\"\" ><\/div>[\/vc_column_inner][\/vc_row_inner]<\/div><\/div>[\/vc_column][\/vc_row][vc_row full_width=&#8221;stretch_row_content_no_spaces&#8221; css=&#8221;.vc_custom_1475833487169{margin-bottom: 0px !important;padding-bottom: 0px !important;}&#8221;][vc_column css=&#8221;.vc_custom_1475833510998{margin-bottom: 0px !important;padding-bottom: 0px !important;}&#8221;]<div class=\"gem-map-with-text\"><div class=\"gem-map-with-text-content\" style=\"\"><div class=\"clearboth\"><\/div><style>#thegem-divider-69fb2e13ec35f {margin-top: 88px !important;}<\/style><div id=\"thegem-divider-69fb2e13ec35f\" class=\"gem-divider  \" style=\"\" ><\/div><div class=\"centered-box\"><div class=\"gem-icon gem-icon-pack-material gem-icon-size-medium  gem-icon-shape-square gem-simple-icon\"  style=\"opacity: 1;\"><div class=\"gem-icon-inner\" style=\"\"><span class=\"gem-icon-half-1\" style=\"color: #a89131;\"><span class=\"back-angle\">&#xf3e3;<\/span><\/span><span class=\"gem-icon-half-2\" style=\"color: #a89131;\"><span class=\"back-angle\">&#xf3e3;<\/span><\/span><\/div><\/div><\/div><div class=\"clearboth\"><\/div><style>#thegem-divider-69fb2e13ec3cf {margin-top: 33px !important;}<\/style><div id=\"thegem-divider-69fb2e13ec3cf\" class=\"gem-divider  \" style=\"\" ><\/div>[vc_column_text css_animation=&#8221;fadeInUp&#8221;]<\/p>\n<div class=\"styled-subtitle\" style=\"text-align: center;\"><span style=\"color: #7b1219;\"><strong>6900 Avenue Papineau, <\/strong><\/span><\/div>\n<div class=\"styled-subtitle\" style=\"text-align: center;\"><strong><span style=\"color: #ffffff;\"><span style=\"color: #7b1219;\">Montreal, Qc H2G 2X7<\/span> <\/span><\/strong><\/div>\n<p>[\/vc_column_text]<\/div><div class=\"gem-map-with-text-map grayscale\">[vc_gmaps link=\"#E-8_JTNDaWZyYW1lJTIwc3JjJTNEJTIyaHR0cHMlM0ElMkYlMkZ3d3cuZ29vZ2xlLmNvbSUyRm1hcHMlMkZkJTJGZW1iZWQlM0ZtaWQlM0QxU1loV0RhUC1tRVQ4OF8wTjBvTl9lTE5fUERGUzA4REslMjIlMjB3aWR0aCUzRCUyMjY0MCUyMiUyMGhlaWdodCUzRCUyMjQ4MCUyMiUzRSUzQyUyRmlmcmFtZSUzRQ==\" size=\"446\" disable_scroll=\"1\"]<\/div><\/div>[\/vc_column][\/vc_row]<\/p>\n<\/div>","protected":false},"excerpt":{"rendered":"<p>[vc_row css=&#8221;.vc_custom_1542396929353{margin-bottom: 0px !important;padding-bottom: 0px !important;}&#8221;][vc_column][\/vc_column][\/vc_row][vc_row full_width=&#8221;stretch_row_content_no_spaces&#8221; el_class=&#8221;z-index custom-overflow&#8221; css=&#8221;.vc_custom_1542645548680{background-position: 0 0 !important;background-repeat: no-repeat !important;}&#8221;][vc_column el_class=&#8221;z-index&#8221; offset=&#8221;vc_col-lg-12&#8243;][\/vc_column][\/vc_row][vc_row full_width=&#8221;stretch_row_content_no_spaces&#8221; el_class=&#8221;z-index custom-overflow&#8221;&#8230;<\/p>\n","protected":false},"author":1,"featured_media":0,"parent":0,"menu_order":0,"comment_status":"closed","ping_status":"closed","template":"","meta":{"footnotes":""},"class_list":["post-30645","page","type-page","status-publish"],"yoast_head":"<!-- This site is optimized with the Yoast SEO plugin v23.0 - https:\/\/yoast.com\/wordpress\/plugins\/seo\/ -->\n<title>\u00c0 Propos de la R\u00e9sidence pour personnes \u00e2g\u00e9es 6900 Papineau Montr\u00e9al<\/title>\n<meta name=\"description\" content=\"Notre r\u00e9sidence peut combler le bonheur de nos personnes \u00e2g\u00e9es qui d\u00e9sirent se faire g\u00e2ter et vivre avec des services tout inclus de style h\u00f4tel forfaitaire\" \/>\n<meta name=\"robots\" content=\"index, follow, max-snippet:-1, max-image-preview:large, max-video-preview:-1\" \/>\n<link rel=\"canonical\" href=\"https:\/\/residence6900papineau.ca\/fr\/apropos\/\" \/>\n<meta property=\"og:locale\" content=\"fr_FR\" \/>\n<meta property=\"og:type\" content=\"article\" \/>\n<meta property=\"og:title\" content=\"\u00c0 Propos de la R\u00e9sidence pour personnes \u00e2g\u00e9es 6900 Papineau Montr\u00e9al\" \/>\n<meta property=\"og:description\" content=\"Notre r\u00e9sidence peut combler le bonheur de nos personnes \u00e2g\u00e9es qui d\u00e9sirent se faire g\u00e2ter et vivre avec des services tout inclus de style h\u00f4tel forfaitaire\" \/>\n<meta property=\"og:url\" content=\"https:\/\/residence6900papineau.ca\/fr\/apropos\/\" \/>\n<meta property=\"og:site_name\" content=\"R\u00e9sidence 6900 Papineau\" \/>\n<meta property=\"article:modified_time\" content=\"2019-03-25T19:58:33+00:00\" \/>\n<meta name=\"twitter:card\" content=\"summary_large_image\" \/>\n<meta name=\"twitter:label1\" content=\"Dur\u00e9e de lecture estim\u00e9e\" \/>\n\t<meta name=\"twitter:data1\" content=\"4 minutes\" \/>\n<script type=\"application\/ld+json\" class=\"yoast-schema-graph\">{\"@context\":\"https:\/\/schema.org\",\"@graph\":[{\"@type\":\"WebPage\",\"@id\":\"https:\/\/residence6900papineau.ca\/fr\/apropos\/\",\"url\":\"https:\/\/residence6900papineau.ca\/fr\/apropos\/\",\"name\":\"\u00c0 Propos de la R\u00e9sidence pour personnes \u00e2g\u00e9es 6900 Papineau Montr\u00e9al\",\"isPartOf\":{\"@id\":\"https:\/\/residence6900papineau.ca\/fr\/#website\"},\"datePublished\":\"2018-11-16T19:30:12+00:00\",\"dateModified\":\"2019-03-25T19:58:33+00:00\",\"description\":\"Notre r\u00e9sidence peut combler le bonheur de nos personnes \u00e2g\u00e9es qui d\u00e9sirent se faire g\u00e2ter et vivre avec des services tout inclus de style h\u00f4tel forfaitaire\",\"breadcrumb\":{\"@id\":\"https:\/\/residence6900papineau.ca\/fr\/apropos\/#breadcrumb\"},\"inLanguage\":\"fr-FR\",\"potentialAction\":[{\"@type\":\"ReadAction\",\"target\":[\"https:\/\/residence6900papineau.ca\/fr\/apropos\/\"]}]},{\"@type\":\"BreadcrumbList\",\"@id\":\"https:\/\/residence6900papineau.ca\/fr\/apropos\/#breadcrumb\",\"itemListElement\":[{\"@type\":\"ListItem\",\"position\":1,\"name\":\"Accueil\",\"item\":\"https:\/\/residence6900papineau.ca\/fr\/\"},{\"@type\":\"ListItem\",\"position\":2,\"name\":\"Notre r\u00e9sidence\"}]},{\"@type\":\"WebSite\",\"@id\":\"https:\/\/residence6900papineau.ca\/fr\/#website\",\"url\":\"https:\/\/residence6900papineau.ca\/fr\/\",\"name\":\"R\u00e9sidence 6900 Papineau\",\"description\":\"r\u00e9sidence pour personnes \u00e2g\u00e9es autonomes et semi-autonomes Montr\u00e9al.\",\"potentialAction\":[{\"@type\":\"SearchAction\",\"target\":{\"@type\":\"EntryPoint\",\"urlTemplate\":\"https:\/\/residence6900papineau.ca\/fr\/?s={search_term_string}\"},\"query-input\":\"required name=search_term_string\"}],\"inLanguage\":\"fr-FR\"}]}<\/script>\n<!-- \/ Yoast SEO plugin. -->","yoast_head_json":{"title":"\u00c0 Propos de la R\u00e9sidence pour personnes \u00e2g\u00e9es 6900 Papineau Montr\u00e9al","description":"Notre r\u00e9sidence peut combler le bonheur de nos personnes \u00e2g\u00e9es qui d\u00e9sirent se faire g\u00e2ter et vivre avec des services tout inclus de style h\u00f4tel forfaitaire","robots":{"index":"index","follow":"follow","max-snippet":"max-snippet:-1","max-image-preview":"max-image-preview:large","max-video-preview":"max-video-preview:-1"},"canonical":"https:\/\/residence6900papineau.ca\/fr\/apropos\/","og_locale":"fr_FR","og_type":"article","og_title":"\u00c0 Propos de la R\u00e9sidence pour personnes \u00e2g\u00e9es 6900 Papineau Montr\u00e9al","og_description":"Notre r\u00e9sidence peut combler le bonheur de nos personnes \u00e2g\u00e9es qui d\u00e9sirent se faire g\u00e2ter et vivre avec des services tout inclus de style h\u00f4tel forfaitaire","og_url":"https:\/\/residence6900papineau.ca\/fr\/apropos\/","og_site_name":"R\u00e9sidence 6900 Papineau","article_modified_time":"2019-03-25T19:58:33+00:00","twitter_card":"summary_large_image","twitter_misc":{"Dur\u00e9e de lecture estim\u00e9e":"4 minutes"},"schema":{"@context":"https:\/\/schema.org","@graph":[{"@type":"WebPage","@id":"https:\/\/residence6900papineau.ca\/fr\/apropos\/","url":"https:\/\/residence6900papineau.ca\/fr\/apropos\/","name":"\u00c0 Propos de la R\u00e9sidence pour personnes \u00e2g\u00e9es 6900 Papineau Montr\u00e9al","isPartOf":{"@id":"https:\/\/residence6900papineau.ca\/fr\/#website"},"datePublished":"2018-11-16T19:30:12+00:00","dateModified":"2019-03-25T19:58:33+00:00","description":"Notre r\u00e9sidence peut combler le bonheur de nos personnes \u00e2g\u00e9es qui d\u00e9sirent se faire g\u00e2ter et vivre avec des services tout inclus de style h\u00f4tel forfaitaire","breadcrumb":{"@id":"https:\/\/residence6900papineau.ca\/fr\/apropos\/#breadcrumb"},"inLanguage":"fr-FR","potentialAction":[{"@type":"ReadAction","target":["https:\/\/residence6900papineau.ca\/fr\/apropos\/"]}]},{"@type":"BreadcrumbList","@id":"https:\/\/residence6900papineau.ca\/fr\/apropos\/#breadcrumb","itemListElement":[{"@type":"ListItem","position":1,"name":"Accueil","item":"https:\/\/residence6900papineau.ca\/fr\/"},{"@type":"ListItem","position":2,"name":"Notre r\u00e9sidence"}]},{"@type":"WebSite","@id":"https:\/\/residence6900papineau.ca\/fr\/#website","url":"https:\/\/residence6900papineau.ca\/fr\/","name":"R\u00e9sidence 6900 Papineau","description":"r\u00e9sidence pour personnes \u00e2g\u00e9es autonomes et semi-autonomes Montr\u00e9al.","potentialAction":[{"@type":"SearchAction","target":{"@type":"EntryPoint","urlTemplate":"https:\/\/residence6900papineau.ca\/fr\/?s={search_term_string}"},"query-input":"required name=search_term_string"}],"inLanguage":"fr-FR"}]}},"_links":{"self":[{"href":"https:\/\/residence6900papineau.ca\/fr\/wp-json\/wp\/v2\/pages\/30645","targetHints":{"allow":["GET"]}}],"collection":[{"href":"https:\/\/residence6900papineau.ca\/fr\/wp-json\/wp\/v2\/pages"}],"about":[{"href":"https:\/\/residence6900papineau.ca\/fr\/wp-json\/wp\/v2\/types\/page"}],"author":[{"embeddable":true,"href":"https:\/\/residence6900papineau.ca\/fr\/wp-json\/wp\/v2\/users\/1"}],"replies":[{"embeddable":true,"href":"https:\/\/residence6900papineau.ca\/fr\/wp-json\/wp\/v2\/comments?post=30645"}],"version-history":[{"count":115,"href":"https:\/\/residence6900papineau.ca\/fr\/wp-json\/wp\/v2\/pages\/30645\/revisions"}],"predecessor-version":[{"id":31257,"href":"https:\/\/residence6900papineau.ca\/fr\/wp-json\/wp\/v2\/pages\/30645\/revisions\/31257"}],"wp:attachment":[{"href":"https:\/\/residence6900papineau.ca\/fr\/wp-json\/wp\/v2\/media?parent=30645"}],"curies":[{"name":"wp","href":"https:\/\/api.w.org\/{rel}","templated":true}]}}