{"id":30787,"date":"2018-11-20T14:39:43","date_gmt":"2018-11-20T14:39:43","guid":{"rendered":"http:\/\/residence6900papineau.ca\/?page_id=30787"},"modified":"2019-02-04T21:13:19","modified_gmt":"2019-02-04T21:13:19","slug":"contact","status":"publish","type":"page","link":"https:\/\/residence6900papineau.ca\/fr\/contact\/","title":{"rendered":"Contact"},"content":{"rendered":"<div class=\"wpb-content-wrapper\"><p>[vc_row css=&#8221;.vc_custom_1542396929353{margin-bottom: 0px !important;padding-bottom: 0px !important;}&#8221;][vc_column]<div id=\"fullwidth-block-69fb2bb08890c\" class=\"fullwidth-block clearfix\"  style=\"padding-top: 100px;padding-bottom: 244px;\"><script type=\"text\/javascript\">if (typeof(gem_fix_fullwidth_position) == \"function\") { gem_fix_fullwidth_position(document.getElementById(\"fullwidth-block-69fb2bb08890c\")); }<\/script><div class=\"fullwidth-block-background\" style=\"background-image: url(https:\/\/residence6900papineau.ca\/wp-content\/uploads\/2018\/11\/bgpage.jpg);background-repeat: no-repeat; background-size: cover;background-position: center bottom;\"><\/div><div class=\"fullwidth-block-inner\"><\/div><\/div><div id=\"fullwidth-block-69fb2bb088950\" class=\"fullwidth-block clearfix\"  style=\"padding-top: -200pxpx;padding-left: 69px;padding-right: 69px;\"><script type=\"text\/javascript\">if (typeof(gem_fix_fullwidth_position) == \"function\") { gem_fix_fullwidth_position(document.getElementById(\"fullwidth-block-69fb2bb088950\")); }<\/script><div class=\"fullwidth-block-inner\">[vc_column_text css_animation=&#8221;fadeIn&#8221; css=&#8221;.vc_custom_1542735103514{margin-top: -250px !important;}&#8221;]<\/p>\n<h1 style=\"text-align: center;\"><span style=\"color: #ffffff;\">Nous JOINDRE<\/span><\/h1>\n<p>[\/vc_column_text]<\/div><\/div>[\/vc_column][\/vc_row][vc_row full_width=&#8221;stretch_row_content_no_spaces&#8221; el_class=&#8221;z-index custom-overflow&#8221; css=&#8221;.vc_custom_1542645548680{background-position: 0 0 !important;background-repeat: no-repeat !important;}&#8221;][vc_column el_class=&#8221;z-index&#8221; offset=&#8221;vc_col-lg-12&#8243;]<div class=\"gem-textbox  centered-box\"  ><div class=\"gem-textbox-inner\" style=\"\"><div class=\"gem-textbox-content\" style=\"background-repeat: no-repeat;background-position: center top;\">[vc_row_inner content_placement=&#8221;middle&#8221; css=&#8221;.vc_custom_1542725328992{background-color: #ffffff !important;}&#8221;][vc_column_inner el_class=&#8221;no-padding-text-box&#8221; css=&#8221;.vc_custom_1542725281775{padding-right: 10% !important;padding-left: 10% !important;background-color: #ffffff !important;}&#8221; offset=&#8221;vc_col-lg-12 vc_col-md-12&#8243;][vc_column_text css_animation=&#8221;fadeInUp&#8221;]<\/p>\n<div class=\"styled-subtitle\" style=\"text-align: center;\">\n<p><span style=\"color: #9f7a00;\"><em><strong>Vous avez une question \u00e0 propos de LA R\u00c9SIDENCE 6900 PAPINEAU.<\/strong><\/em><\/span><\/p>\n<p><strong><span style=\"color: #7b1219;\">Vous voulez planifier une visite.<\/span><\/strong><\/p>\n<p><span style=\"color: #9f7a00;\"><em><strong>S&#8217;il vous pla\u00eet, remplissez le formulaire de contact ci-dessous ou appelez-nous au num\u00e9ro indiqu\u00e9 ci-dessous et nous vous contacterons rapidement.<\/strong><\/em><\/span><\/p>\n<p><span style=\"color: #7b1219;\">La disponibilit\u00e9 des appartements change tous les jours. S&#8217;il vous pla\u00eet, nous contacter pour discuter des appartements disponibles r\u00e9pondant \u00e0 vos d\u00e9sirs et \u00e0 vos besoins.<\/span><\/div>\n<p>[\/vc_column_text][vc_empty_space][\/vc_column_inner][\/vc_row_inner]<\/div><\/div><\/div>[\/vc_column][\/vc_row][vc_row css=&#8221;.vc_custom_1541616206589{margin-top: -19px !important;margin-bottom: 0px !important;padding-bottom: 0px !important;}&#8221;][vc_column css=&#8221;.vc_custom_1475758599053{margin-top: 0px !important;margin-bottom: 0px !important;padding-top: 0px !important;padding-bottom: 0px !important;}&#8221;]<div id=\"fullwidth-block-69fb2bb088bdd\" class=\"fullwidth-block clearfix\"  style=\"padding-top: 214px;padding-bottom: 100px;\"><script type=\"text\/javascript\">if (typeof(gem_fix_fullwidth_position) == \"function\") { gem_fix_fullwidth_position(document.getElementById(\"fullwidth-block-69fb2bb088bdd\")); }<\/script><div class=\"fullwidth-block-background\" style=\"background-image: url(https:\/\/residence6900papineau.ca\/wp-content\/uploads\/2018\/11\/contact.jpg);background-repeat: no-repeat; background-size: cover;background-position: center bottom;\"><\/div><div class=\"fullwidth-block-inner\"><div class=\"container\"><div class=\"centered-box gem-image-centered-box\"><div class=\"gem-image gem-wrapbox gem-wrapbox-style-default gem-wrapbox-position-centered lazy-loading\"  style=\"width: 300px;height: 300px;\"><div class=\"gem-wrapbox-inner  lazy-loading-item\"  data-ll-effect=\"move-up\"><img class=\"gem-wrapbox-element img-responsive\" src=\"https:\/\/residence6900papineau.ca\/wp-content\/uploads\/2018\/10\/blanc2.png\" alt=\"\"\/><\/div><\/div><\/div><div class=\"clearboth\"><\/div><style>#thegem-divider-69fb2bb088f0c {margin-top: 34px !important;}<\/style><div id=\"thegem-divider-69fb2bb088f0c\" class=\"gem-divider  \" style=\"\" ><\/div>[vc_column_text css_animation=&#8221;fadeInUp&#8221;]<\/p>\n<div class=\"title-h4\" style=\"text-align: center;\"><span class=\"light\" style=\"color: #ffffff;\">La r\u00e9sidence \u00e0 la hauteur de vos attentes<\/span><\/div>\n<p>[\/vc_column_text]<div class=\"clearboth\"><\/div><style>#thegem-divider-69fb2bb088f55 {margin-top: 80px !important;}<\/style><div id=\"thegem-divider-69fb2bb088f55\" class=\"gem-divider  \" style=\"\" ><\/div>[vc_column_text css_animation=&#8221;fadeInUp&#8221;]<\/p>\n<div class=\"title-h6\" style=\"text-align: center;\"><span style=\"color: #ffffff;\">Appelez-nous<\/span><\/div>\n<p>[\/vc_column_text]<div class=\"clearboth\"><\/div><style>#thegem-divider-69fb2bb088f7c {margin-top: -15px !important;}<\/style><div id=\"thegem-divider-69fb2bb088f7c\" class=\"gem-divider  \" style=\"\" ><\/div>[vc_column_text css_animation=&#8221;fadeInUp&#8221;]<\/p>\n<div class=\"title-h1\" style=\"text-align: center;\"><span style=\"color: #ffffff;\">+1 514 729-0305<\/span><\/div>\n<p>[\/vc_column_text]<div class=\"clearboth\"><\/div><style>#thegem-divider-69fb2bb088f9b {margin-top: 88px !important;}<\/style><div id=\"thegem-divider-69fb2bb088f9b\" class=\"gem-divider  \" style=\"\" ><\/div>\n<div class=\"wpcf7 no-js\" id=\"wpcf7-f31239-o1\" lang=\"fr-CA\" dir=\"ltr\" data-wpcf7-id=\"31239\">\n<div class=\"screen-reader-response\"><p role=\"status\" aria-live=\"polite\" aria-atomic=\"true\"><\/p> <ul><\/ul><\/div>\n<form action=\"\/fr\/wp-json\/wp\/v2\/pages\/30787#wpcf7-f31239-o1\" method=\"post\" class=\"wpcf7-form init\" aria-label=\"Contact form\" novalidate=\"novalidate\" data-status=\"init\">\n<div style=\"display: none;\">\n<input type=\"hidden\" name=\"_wpcf7\" value=\"31239\" \/>\n<input type=\"hidden\" name=\"_wpcf7_version\" value=\"6.0.6\" \/>\n<input type=\"hidden\" name=\"_wpcf7_locale\" value=\"fr_CA\" \/>\n<input type=\"hidden\" name=\"_wpcf7_unit_tag\" value=\"wpcf7-f31239-o1\" \/>\n<input type=\"hidden\" name=\"_wpcf7_container_post\" value=\"0\" \/>\n<input type=\"hidden\" name=\"_wpcf7_posted_data_hash\" value=\"\" \/>\n<\/div>\n<label> Votre nom (*)\n    <span class=\"wpcf7-form-control-wrap\" data-name=\"your-name\"><input size=\"40\" maxlength=\"400\" class=\"wpcf7-form-control wpcf7-text wpcf7-validates-as-required\" aria-required=\"true\" aria-invalid=\"false\" value=\"\" type=\"text\" name=\"your-name\" \/><\/span> <\/label>\n\n<label> Votre courriel (*)\n    <span class=\"wpcf7-form-control-wrap\" data-name=\"your-email\"><input size=\"40\" maxlength=\"400\" class=\"wpcf7-form-control wpcf7-email wpcf7-validates-as-required wpcf7-text wpcf7-validates-as-email\" aria-required=\"true\" aria-invalid=\"false\" value=\"\" type=\"email\" name=\"your-email\" \/><\/span> <\/label>\n\n<label> sujet\n    <span class=\"wpcf7-form-control-wrap\" data-name=\"your-subject\"><input size=\"40\" maxlength=\"400\" class=\"wpcf7-form-control wpcf7-text\" aria-invalid=\"false\" value=\"\" type=\"text\" name=\"your-subject\" \/><\/span> <\/label>\n\n<label> Votre message\n    <span class=\"wpcf7-form-control-wrap\" data-name=\"your-message\"><textarea cols=\"40\" rows=\"10\" maxlength=\"2000\" class=\"wpcf7-form-control wpcf7-textarea\" aria-invalid=\"false\" name=\"your-message\"><\/textarea><\/span> <\/label>\n\n<input class=\"wpcf7-form-control wpcf7-submit has-spinner\" type=\"submit\" value=\"Envoyer\" \/><p style=\"display: none !important;\" class=\"akismet-fields-container\" data-prefix=\"_wpcf7_ak_\"><label>&#916;<textarea name=\"_wpcf7_ak_hp_textarea\" cols=\"45\" rows=\"8\" maxlength=\"100\"><\/textarea><\/label><input type=\"hidden\" id=\"ak_js_1\" name=\"_wpcf7_ak_js\" value=\"164\"\/><script>document.getElementById( \"ak_js_1\" ).setAttribute( \"value\", ( new Date() ).getTime() );<\/script><\/p><input type='hidden' class='wpcf7-pum' value='{\"closepopup\":false,\"closedelay\":0,\"openpopup\":false,\"openpopup_id\":0}' \/><div class=\"wpcf7-response-output\" aria-hidden=\"true\"><\/div>\n<\/form>\n<\/div>\n<div class=\"clearboth\"><\/div><style>#thegem-divider-69fb2bb08ca1d {margin-top: 50px !important;}<\/style><div id=\"thegem-divider-69fb2bb08ca1d\" class=\"gem-divider  \" style=\"\" ><\/div><div class=\"centered-box\"><div class=\"gem-icon gem-icon-pack-material gem-icon-size-medium  gem-icon-shape-square gem-simple-icon\"  style=\"opacity: 1;\"><div class=\"gem-icon-inner\" style=\"\"><span class=\"gem-icon-half-1\" style=\"color: #a89131;\"><span class=\"back-angle\">&#xf3e3;<\/span><\/span><span class=\"gem-icon-half-2\" style=\"color: #a89131;\"><span class=\"back-angle\">&#xf3e3;<\/span><\/span><\/div><\/div><\/div><div class=\"clearboth\"><\/div><style>#thegem-divider-69fb2bb08ca8d {margin-top: 33px !important;}<\/style><div id=\"thegem-divider-69fb2bb08ca8d\" class=\"gem-divider  \" style=\"\" ><\/div>[vc_column_text css_animation=&#8221;fadeInUp&#8221;]<\/p>\n<div class=\"styled-subtitle\" style=\"text-align: center;\"><strong><span style=\"color: #ffffff;\">6900 Avenue Papineau, <\/span><\/strong><\/div>\n<div class=\"styled-subtitle\" style=\"text-align: center;\"><strong><span style=\"color: #ffffff;\">Montreal, Qc H2G 2X7 <\/span><\/strong><br \/>\n<strong><span style=\"color: #a89131;\">info@residence6900papineau.ca<\/span><\/strong><\/div>\n<p>[\/vc_column_text]<\/div><\/div><\/div>[\/vc_column][\/vc_row][vc_row full_width=&#8221;stretch_row_content_no_spaces&#8221; css=&#8221;.vc_custom_1475833487169{margin-bottom: 0px !important;padding-bottom: 0px !important;}&#8221;][vc_column css=&#8221;.vc_custom_1475833510998{margin-bottom: 0px !important;padding-bottom: 0px !important;}&#8221;]<div class=\"gem-map-with-text\"><div class=\"gem-map-with-text-content\" style=\"\"><\/div><div class=\"gem-map-with-text-map grayscale\">[vc_gmaps link=\"#E-8_JTNDaWZyYW1lJTIwc3JjJTNEJTIyaHR0cHMlM0ElMkYlMkZ3d3cuZ29vZ2xlLmNvbSUyRm1hcHMlMkZkJTJGZW1iZWQlM0ZtaWQlM0QxU1loV0RhUC1tRVQ4OF8wTjBvTl9lTE5fUERGUzA4REslMjIlMjB3aWR0aCUzRCUyMjY0MCUyMiUyMGhlaWdodCUzRCUyMjQ4MCUyMiUzRSUzQyUyRmlmcmFtZSUzRQ==\" size=\"446\" disable_scroll=\"1\"]<\/div><\/div>[\/vc_column][\/vc_row]<\/p>\n<\/div>","protected":false},"excerpt":{"rendered":"<p>[vc_row css=&#8221;.vc_custom_1542396929353{margin-bottom: 0px !important;padding-bottom: 0px !important;}&#8221;][vc_column][\/vc_column][\/vc_row][vc_row full_width=&#8221;stretch_row_content_no_spaces&#8221; el_class=&#8221;z-index custom-overflow&#8221; css=&#8221;.vc_custom_1542645548680{background-position: 0 0 !important;background-repeat: no-repeat !important;}&#8221;][vc_column el_class=&#8221;z-index&#8221; offset=&#8221;vc_col-lg-12&#8243;][\/vc_column][\/vc_row][vc_row css=&#8221;.vc_custom_1541616206589{margin-top: -19px !important;margin-bottom:&#8230;<\/p>\n","protected":false},"author":1,"featured_media":0,"parent":0,"menu_order":0,"comment_status":"closed","ping_status":"closed","template":"","meta":{"footnotes":""},"class_list":["post-30787","page","type-page","status-publish"],"yoast_head":"<!-- This site is optimized with the Yoast SEO plugin v23.0 - https:\/\/yoast.com\/wordpress\/plugins\/seo\/ -->\n<title>Contact - R\u00e9sidence 6900 Papineau<\/title>\n<meta name=\"robots\" content=\"index, follow, max-snippet:-1, max-image-preview:large, max-video-preview:-1\" \/>\n<link rel=\"canonical\" href=\"https:\/\/residence6900papineau.ca\/fr\/contact\/\" \/>\n<meta property=\"og:locale\" content=\"fr_FR\" \/>\n<meta property=\"og:type\" content=\"article\" \/>\n<meta property=\"og:title\" content=\"Contact - R\u00e9sidence 6900 Papineau\" \/>\n<meta property=\"og:description\" content=\"[vc_row css=&#8221;.vc_custom_1542396929353{margin-bottom: 0px !important;padding-bottom: 0px !important;}&#8221;][vc_column][\/vc_column][\/vc_row][vc_row full_width=&#8221;stretch_row_content_no_spaces&#8221; el_class=&#8221;z-index custom-overflow&#8221; css=&#8221;.vc_custom_1542645548680{background-position: 0 0 !important;background-repeat: no-repeat !important;}&#8221;][vc_column el_class=&#8221;z-index&#8221; offset=&#8221;vc_col-lg-12&#8243;][\/vc_column][\/vc_row][vc_row css=&#8221;.vc_custom_1541616206589{margin-top: -19px !important;margin-bottom:...\" \/>\n<meta property=\"og:url\" content=\"https:\/\/residence6900papineau.ca\/fr\/contact\/\" \/>\n<meta property=\"og:site_name\" content=\"R\u00e9sidence 6900 Papineau\" \/>\n<meta property=\"article:modified_time\" content=\"2019-02-04T21:13:19+00:00\" \/>\n<meta name=\"twitter:card\" content=\"summary_large_image\" \/>\n<meta name=\"twitter:label1\" content=\"Dur\u00e9e de lecture estim\u00e9e\" \/>\n\t<meta name=\"twitter:data1\" content=\"2 minutes\" \/>\n<script type=\"application\/ld+json\" class=\"yoast-schema-graph\">{\"@context\":\"https:\/\/schema.org\",\"@graph\":[{\"@type\":\"WebPage\",\"@id\":\"https:\/\/residence6900papineau.ca\/fr\/contact\/\",\"url\":\"https:\/\/residence6900papineau.ca\/fr\/contact\/\",\"name\":\"Contact - R\u00e9sidence 6900 Papineau\",\"isPartOf\":{\"@id\":\"https:\/\/residence6900papineau.ca\/fr\/#website\"},\"datePublished\":\"2018-11-20T14:39:43+00:00\",\"dateModified\":\"2019-02-04T21:13:19+00:00\",\"breadcrumb\":{\"@id\":\"https:\/\/residence6900papineau.ca\/fr\/contact\/#breadcrumb\"},\"inLanguage\":\"fr-FR\",\"potentialAction\":[{\"@type\":\"ReadAction\",\"target\":[\"https:\/\/residence6900papineau.ca\/fr\/contact\/\"]}]},{\"@type\":\"BreadcrumbList\",\"@id\":\"https:\/\/residence6900papineau.ca\/fr\/contact\/#breadcrumb\",\"itemListElement\":[{\"@type\":\"ListItem\",\"position\":1,\"name\":\"Accueil\",\"item\":\"https:\/\/residence6900papineau.ca\/fr\/\"},{\"@type\":\"ListItem\",\"position\":2,\"name\":\"Contact\"}]},{\"@type\":\"WebSite\",\"@id\":\"https:\/\/residence6900papineau.ca\/fr\/#website\",\"url\":\"https:\/\/residence6900papineau.ca\/fr\/\",\"name\":\"R\u00e9sidence 6900 Papineau\",\"description\":\"r\u00e9sidence pour personnes \u00e2g\u00e9es autonomes et semi-autonomes Montr\u00e9al.\",\"potentialAction\":[{\"@type\":\"SearchAction\",\"target\":{\"@type\":\"EntryPoint\",\"urlTemplate\":\"https:\/\/residence6900papineau.ca\/fr\/?s={search_term_string}\"},\"query-input\":\"required name=search_term_string\"}],\"inLanguage\":\"fr-FR\"}]}<\/script>\n<!-- \/ Yoast SEO plugin. -->","yoast_head_json":{"title":"Contact - R\u00e9sidence 6900 Papineau","robots":{"index":"index","follow":"follow","max-snippet":"max-snippet:-1","max-image-preview":"max-image-preview:large","max-video-preview":"max-video-preview:-1"},"canonical":"https:\/\/residence6900papineau.ca\/fr\/contact\/","og_locale":"fr_FR","og_type":"article","og_title":"Contact - R\u00e9sidence 6900 Papineau","og_description":"[vc_row css=&#8221;.vc_custom_1542396929353{margin-bottom: 0px !important;padding-bottom: 0px !important;}&#8221;][vc_column][\/vc_column][\/vc_row][vc_row full_width=&#8221;stretch_row_content_no_spaces&#8221; el_class=&#8221;z-index custom-overflow&#8221; css=&#8221;.vc_custom_1542645548680{background-position: 0 0 !important;background-repeat: no-repeat !important;}&#8221;][vc_column el_class=&#8221;z-index&#8221; offset=&#8221;vc_col-lg-12&#8243;][\/vc_column][\/vc_row][vc_row css=&#8221;.vc_custom_1541616206589{margin-top: -19px !important;margin-bottom:...","og_url":"https:\/\/residence6900papineau.ca\/fr\/contact\/","og_site_name":"R\u00e9sidence 6900 Papineau","article_modified_time":"2019-02-04T21:13:19+00:00","twitter_card":"summary_large_image","twitter_misc":{"Dur\u00e9e de lecture estim\u00e9e":"2 minutes"},"schema":{"@context":"https:\/\/schema.org","@graph":[{"@type":"WebPage","@id":"https:\/\/residence6900papineau.ca\/fr\/contact\/","url":"https:\/\/residence6900papineau.ca\/fr\/contact\/","name":"Contact - R\u00e9sidence 6900 Papineau","isPartOf":{"@id":"https:\/\/residence6900papineau.ca\/fr\/#website"},"datePublished":"2018-11-20T14:39:43+00:00","dateModified":"2019-02-04T21:13:19+00:00","breadcrumb":{"@id":"https:\/\/residence6900papineau.ca\/fr\/contact\/#breadcrumb"},"inLanguage":"fr-FR","potentialAction":[{"@type":"ReadAction","target":["https:\/\/residence6900papineau.ca\/fr\/contact\/"]}]},{"@type":"BreadcrumbList","@id":"https:\/\/residence6900papineau.ca\/fr\/contact\/#breadcrumb","itemListElement":[{"@type":"ListItem","position":1,"name":"Accueil","item":"https:\/\/residence6900papineau.ca\/fr\/"},{"@type":"ListItem","position":2,"name":"Contact"}]},{"@type":"WebSite","@id":"https:\/\/residence6900papineau.ca\/fr\/#website","url":"https:\/\/residence6900papineau.ca\/fr\/","name":"R\u00e9sidence 6900 Papineau","description":"r\u00e9sidence pour personnes \u00e2g\u00e9es autonomes et semi-autonomes Montr\u00e9al.","potentialAction":[{"@type":"SearchAction","target":{"@type":"EntryPoint","urlTemplate":"https:\/\/residence6900papineau.ca\/fr\/?s={search_term_string}"},"query-input":"required name=search_term_string"}],"inLanguage":"fr-FR"}]}},"_links":{"self":[{"href":"https:\/\/residence6900papineau.ca\/fr\/wp-json\/wp\/v2\/pages\/30787","targetHints":{"allow":["GET"]}}],"collection":[{"href":"https:\/\/residence6900papineau.ca\/fr\/wp-json\/wp\/v2\/pages"}],"about":[{"href":"https:\/\/residence6900papineau.ca\/fr\/wp-json\/wp\/v2\/types\/page"}],"author":[{"embeddable":true,"href":"https:\/\/residence6900papineau.ca\/fr\/wp-json\/wp\/v2\/users\/1"}],"replies":[{"embeddable":true,"href":"https:\/\/residence6900papineau.ca\/fr\/wp-json\/wp\/v2\/comments?post=30787"}],"version-history":[{"count":21,"href":"https:\/\/residence6900papineau.ca\/fr\/wp-json\/wp\/v2\/pages\/30787\/revisions"}],"predecessor-version":[{"id":31240,"href":"https:\/\/residence6900papineau.ca\/fr\/wp-json\/wp\/v2\/pages\/30787\/revisions\/31240"}],"wp:attachment":[{"href":"https:\/\/residence6900papineau.ca\/fr\/wp-json\/wp\/v2\/media?parent=30787"}],"curies":[{"name":"wp","href":"https:\/\/api.w.org\/{rel}","templated":true}]}}